{"id":859,"date":"2026-02-27T09:56:05","date_gmt":"2026-02-27T09:56:05","guid":{"rendered":"https:\/\/instalacions.net\/?page_id=859"},"modified":"2026-02-27T10:02:35","modified_gmt":"2026-02-27T10:02:35","slug":"politica-de-calidad","status":"publish","type":"page","link":"https:\/\/instalacions.net\/es\/politica-de-calidad\/","title":{"rendered":"Pol\u00edtica de calidad"},"content":{"rendered":"<p>En APerez Installations nos comprometemos a ofrecer los mejores servicios de instalaci\u00f3n el\u00e9ctrica, fontaner\u00eda, calefacci\u00f3n, ventilaci\u00f3n y aire acondicionado, y protecci\u00f3n contra incendios.<\/p>\n<p>Por este motivo, contamos con principios que ponemos en pr\u00e1ctica d\u00eda a d\u00eda, tanto con nuestros clientes como con nuestros empleados.<\/p>\n<p>Por lo tanto, es deber de todos nosotros comprometernos con la mejora continua en la b\u00fasqueda de un servicio de calidad.<\/p>\n<h2><span style=\"color: #ff9e18;\">Queremos obtener la certificaci\u00f3n ISO 9001:2015 de calidad con APPLUS.<\/span><\/h2>\n<p>Somos conscientes de la importancia de centrarnos en la mejora continua, por lo que nos hemos propuesto certificar la calidad de nuestra empresa y demostrar que somos una empresa competitiva comprometida con la satisfacci\u00f3n del cliente.<\/p>\n<p>No dejamos pasar ning\u00fan detalle y estamos abiertos a cualquier sugerencia que recibamos para mejorar nuestra forma de trabajar.<\/p>\n<p><strong>Nuestros principios<\/strong><\/p>\n<ol>\n<li><strong>Buscar satisfacer al cliente.<\/strong> a trav\u00e9s de nuestros servicios, siempre tratando de superar sus expectativas.<\/li>\n<li>Para garantizar que <strong>Cumplimiento de los requisitos legales<\/strong> y aquellos acordados con el cliente, conociendo los est\u00e1ndares que nos hemos fijado.<\/li>\n<li><strong>Fomentar un ambiente participativo y respetuoso con los empleados.<\/strong> hacia el cliente, dentro de un marco permanente de mejora continua.<\/li>\n<li><strong>Mantener una relaci\u00f3n abierta con nuestros proveedores y clientes.<\/strong>, teniendo en cuenta sus sugerencias de mejora y sus quejas.<\/li>\n<li><strong>Act\u00faa siempre con \u00e9tica empresarial.<\/strong>, evitando cualquier actitud que pueda ser irrespetuosa hacia otros trabajadores, competidores, clientes o proveedores.<\/li>\n<li><strong>Cumpla con todas las medidas de seguridad.<\/strong> Garantizar el bienestar de los compa\u00f1eros y clientes, comprobando siempre el equipo y los accesorios antes de su uso y alertando a los compa\u00f1eros y al supervisor tan pronto como se detecte un problema.<\/li>\n<li><strong>Aprender de los errores<\/strong>, promoviendo el aprendizaje de todo el equipo y evitando que un trabajador realice tareas sin los conocimientos necesarios.<\/li>\n<li>Desde la direcci\u00f3n, siempre buscamos el <strong>Recursos de mejor calidad<\/strong>, distribuir el <strong>el trabajo que mejor se adapta a nuestros empleados<\/strong> y ofrecer un <strong>Remuneraci\u00f3n justa y equitativa.<\/strong><\/li>\n<\/ol>\n<h2><span style=\"color: #ff9e18;\">Nos centramos en mejorar juntos.<\/span><\/h2>\n<p><strong>Clientes clave<\/strong><\/p>\n<p>Algunos clientes que han depositado su confianza en nosotros son:<\/p>\n<ul>\n<li>BBVA<\/li>\n<li>Aldi<\/li>\n<li>COMSA<\/li>\n<\/ul>\n<p>\u201cDesde la direcci\u00f3n hasta los trabajadores, todos contribuyen a la calidad del servicio en APerez Facilities.\u201d<\/p>\n<p>Involucramos a todos nuestros empleados en el servicio que prestamos desde el d\u00eda en que se incorporan a nuestra empresa.<\/p>\n<p><strong>Contacto<\/strong><\/p>\n<p>Calle Carles Ribas, 9, Local 4<br \/>\nGranollers (Barcelona) 08402<\/p>\n<p>Pg\/ Llu\u00eds Companys, Nave 6<br \/>\nGranollers (Barcelona) 08402<\/p>\n<p>(+34) 93 161 80 09<br \/>\n<a href=\"mailto:aperez@instalaciones.net\">aperez@instalaciones.net<br \/>\n<\/a><br \/>\nwww.instalacions.net<\/p>","protected":false},"excerpt":{"rendered":"<p>En Instal\u00b7lacions APerez ens preocupem per oferir els millors serveis d\u2019instal\u00b7lacions el\u00e8ctriques, lampisteria, climatitzaci\u00f3 i instal\u00b7lacions contra incendis. Per aquesta ra\u00f3 tenim uns principis que duem a terme dia a dia, tant amb els nostres clients com amb els nostres treballadors. Aix\u00ed doncs, \u00e9s el deure de tots comprometre\u2019ns a millorar cont\u00ednuament en la recerca [&hellip;]<\/p>","protected":false},"author":2,"featured_media":0,"parent":0,"menu_order":0,"comment_status":"closed","ping_status":"closed","template":"page-legal.php","meta":{"_acf_changed":false,"footnotes":""},"class_list":["post-859","page","type-page","status-publish","hentry"],"acf":[],"yoast_head":"<!-- This site is optimized with the Yoast SEO plugin v26.9 - https:\/\/yoast.com\/product\/yoast-seo-wordpress\/ -->\n<title>Pol\u00edtica de qualitat - APerez Instal\u00b7lacions<\/title>\n<meta name=\"robots\" content=\"index, follow, max-snippet:-1, max-image-preview:large, max-video-preview:-1\" \/>\n<link rel=\"canonical\" href=\"https:\/\/instalacions.net\/es\/politica-de-calidad\/\" \/>\n<meta property=\"og:locale\" content=\"es_ES\" \/>\n<meta property=\"og:type\" content=\"article\" \/>\n<meta property=\"og:title\" content=\"Pol\u00edtica de qualitat - APerez Instal\u00b7lacions\" \/>\n<meta property=\"og:description\" content=\"En Instal\u00b7lacions APerez ens preocupem per oferir els millors serveis d\u2019instal\u00b7lacions el\u00e8ctriques, lampisteria, climatitzaci\u00f3 i instal\u00b7lacions contra incendis. Per aquesta ra\u00f3 tenim uns principis que duem a terme dia a dia, tant amb els nostres clients com amb els nostres treballadors. Aix\u00ed doncs, \u00e9s el deure de tots comprometre\u2019ns a millorar cont\u00ednuament en la recerca [&hellip;]\" \/>\n<meta property=\"og:url\" content=\"https:\/\/instalacions.net\/es\/politica-de-calidad\/\" \/>\n<meta property=\"og:site_name\" content=\"APerez Instal\u00b7lacions\" \/>\n<meta property=\"article:modified_time\" content=\"2026-02-27T10:02:35+00:00\" \/>\n<meta name=\"twitter:card\" content=\"summary_large_image\" \/>\n<meta name=\"twitter:label1\" content=\"Tiempo de lectura\" \/>\n\t<meta name=\"twitter:data1\" content=\"3 minutos\" \/>\n<script type=\"application\/ld+json\" class=\"yoast-schema-graph\">{\"@context\":\"https:\/\/schema.org\",\"@graph\":[{\"@type\":\"WebPage\",\"@id\":\"https:\/\/instalacions.net\/politica-de-qualitat\/\",\"url\":\"https:\/\/instalacions.net\/politica-de-qualitat\/\",\"name\":\"Pol\u00edtica de qualitat - APerez Instal\u00b7lacions\",\"isPartOf\":{\"@id\":\"https:\/\/instalacions.net\/#website\"},\"datePublished\":\"2026-02-27T09:56:05+00:00\",\"dateModified\":\"2026-02-27T10:02:35+00:00\",\"breadcrumb\":{\"@id\":\"https:\/\/instalacions.net\/politica-de-qualitat\/#breadcrumb\"},\"inLanguage\":\"es\",\"potentialAction\":[{\"@type\":\"ReadAction\",\"target\":[\"https:\/\/instalacions.net\/politica-de-qualitat\/\"]}]},{\"@type\":\"BreadcrumbList\",\"@id\":\"https:\/\/instalacions.net\/politica-de-qualitat\/#breadcrumb\",\"itemListElement\":[{\"@type\":\"ListItem\",\"position\":1,\"name\":\"Portada\",\"item\":\"https:\/\/instalacions.net\/\"},{\"@type\":\"ListItem\",\"position\":2,\"name\":\"Pol\u00edtica de qualitat\"}]},{\"@type\":\"WebSite\",\"@id\":\"https:\/\/instalacions.net\/#website\",\"url\":\"https:\/\/instalacions.net\/\",\"name\":\"APerez Instal\u00b7lacions\",\"description\":\"Solucions t\u00e8cniques integrals en lampisteria per a oficines, naus, franqu\u00edcies, grans superf\u00edcies i habitatges exclusius.\",\"potentialAction\":[{\"@type\":\"SearchAction\",\"target\":{\"@type\":\"EntryPoint\",\"urlTemplate\":\"https:\/\/instalacions.net\/?s={search_term_string}\"},\"query-input\":{\"@type\":\"PropertyValueSpecification\",\"valueRequired\":true,\"valueName\":\"search_term_string\"}}],\"inLanguage\":\"es\"}]}<\/script>\n<!-- \/ Yoast SEO plugin. -->","yoast_head_json":{"title":"Pol\u00edtica de calidad - APerez Instal\u00b7lacions","robots":{"index":"index","follow":"follow","max-snippet":"max-snippet:-1","max-image-preview":"max-image-preview:large","max-video-preview":"max-video-preview:-1"},"canonical":"https:\/\/instalacions.net\/es\/politica-de-calidad\/","og_locale":"es_ES","og_type":"article","og_title":"Pol\u00edtica de qualitat - APerez Instal\u00b7lacions","og_description":"En Instal\u00b7lacions APerez ens preocupem per oferir els millors serveis d\u2019instal\u00b7lacions el\u00e8ctriques, lampisteria, climatitzaci\u00f3 i instal\u00b7lacions contra incendis. Per aquesta ra\u00f3 tenim uns principis que duem a terme dia a dia, tant amb els nostres clients com amb els nostres treballadors. Aix\u00ed doncs, \u00e9s el deure de tots comprometre\u2019ns a millorar cont\u00ednuament en la recerca [&hellip;]","og_url":"https:\/\/instalacions.net\/es\/politica-de-calidad\/","og_site_name":"APerez Instal\u00b7lacions","article_modified_time":"2026-02-27T10:02:35+00:00","twitter_card":"summary_large_image","twitter_misc":{"Tiempo de lectura":"3 minutos"},"schema":{"@context":"https:\/\/schema.org","@graph":[{"@type":"WebPage","@id":"https:\/\/instalacions.net\/politica-de-qualitat\/","url":"https:\/\/instalacions.net\/politica-de-qualitat\/","name":"Pol\u00edtica de calidad - APerez Instal\u00b7lacions","isPartOf":{"@id":"https:\/\/instalacions.net\/#website"},"datePublished":"2026-02-27T09:56:05+00:00","dateModified":"2026-02-27T10:02:35+00:00","breadcrumb":{"@id":"https:\/\/instalacions.net\/politica-de-qualitat\/#breadcrumb"},"inLanguage":"es","potentialAction":[{"@type":"ReadAction","target":["https:\/\/instalacions.net\/politica-de-qualitat\/"]}]},{"@type":"BreadcrumbList","@id":"https:\/\/instalacions.net\/politica-de-qualitat\/#breadcrumb","itemListElement":[{"@type":"ListItem","position":1,"name":"Portada","item":"https:\/\/instalacions.net\/"},{"@type":"ListItem","position":2,"name":"Pol\u00edtica de qualitat"}]},{"@type":"WebSite","@id":"https:\/\/instalacions.net\/#website","url":"https:\/\/instalacions.net\/","name":"APerez Instal\u00b7lacions","description":"Soluciones t\u00e9cnicas integrales en fontaner\u00eda para oficinas, naves, franquicias, grandes superficies y viviendas exclusivas.","potentialAction":[{"@type":"SearchAction","target":{"@type":"EntryPoint","urlTemplate":"https:\/\/instalacions.net\/?s={search_term_string}"},"query-input":{"@type":"PropertyValueSpecification","valueRequired":true,"valueName":"search_term_string"}}],"inLanguage":"es"}]}},"_links":{"self":[{"href":"https:\/\/instalacions.net\/es\/wp-json\/wp\/v2\/pages\/859","targetHints":{"allow":["GET"]}}],"collection":[{"href":"https:\/\/instalacions.net\/es\/wp-json\/wp\/v2\/pages"}],"about":[{"href":"https:\/\/instalacions.net\/es\/wp-json\/wp\/v2\/types\/page"}],"author":[{"embeddable":true,"href":"https:\/\/instalacions.net\/es\/wp-json\/wp\/v2\/users\/2"}],"replies":[{"embeddable":true,"href":"https:\/\/instalacions.net\/es\/wp-json\/wp\/v2\/comments?post=859"}],"version-history":[{"count":6,"href":"https:\/\/instalacions.net\/es\/wp-json\/wp\/v2\/pages\/859\/revisions"}],"predecessor-version":[{"id":865,"href":"https:\/\/instalacions.net\/es\/wp-json\/wp\/v2\/pages\/859\/revisions\/865"}],"wp:attachment":[{"href":"https:\/\/instalacions.net\/es\/wp-json\/wp\/v2\/media?parent=859"}],"curies":[{"name":"wp","href":"https:\/\/api.w.org\/{rel}","templated":true}]}}