{"id":505,"date":"2026-01-13T11:15:48","date_gmt":"2026-01-13T11:15:48","guid":{"rendered":"http:\/\/instalacions.planetaries.cat\/?page_id=505"},"modified":"2026-01-21T12:50:21","modified_gmt":"2026-01-21T12:50:21","slug":"eficiencia-energetica-y-energias-renovables","status":"publish","type":"page","link":"https:\/\/instalacions.net\/es\/servicios\/eficiencia-energetica-y-energias-renovables\/","title":{"rendered":"Eficiencia Energ\u00e9tica y Energ\u00edas Renovables"},"content":{"rendered":"<p>Desarrollamos sistemas orientados a la sostenibilidad y la reducci\u00f3n del consumo energ\u00e9tico, integrando tecnolog\u00edas innovadoras y fuentes renovables en edificios comerciales, industriales y residenciales. En <strong>APerez Instal\u00b7lacions<\/strong> ofrecemos instalaci\u00f3n de<strong> placas solares fotovoltaicas para autoconsumo, sistemas de aerotermia, iluminaci\u00f3n LED inteligente, gestores de energ\u00eda y sistemas de monitorizaci\u00f3n energ\u00e9tica<\/strong>.<\/p>\n<p>Acompa\u00f1amos a nuestros clientes desde el dise\u00f1o hasta la legalizaci\u00f3n y gesti\u00f3n de subvenciones, con un enfoque pr\u00e1ctico y orientado al retorno de la inversi\u00f3n. Este servicio est\u00e1 especialmente valorado en promociones residenciales sostenibles, edificios corporativos o supermercados, donde el consumo energ\u00e9tico es clave para la eficiencia global del proyecto.<\/p>\n<h2><strong>Dise\u00f1o y ejecuci\u00f3n de sistemas que optimizan el consumo energ\u00e9tico y reducen el impacto ambiental<\/strong><\/h2>","protected":false},"excerpt":{"rendered":"<p>Desenvolupem sistemes orientats a la sostenibilitat i la reducci\u00f3 del consum energ\u00e8tic, integrant tecnologies innovadores i fonts renovables en edificis comercials, industrials i residencials. A APerez Instal\u00b7lacions oferim instal\u00b7laci\u00f3 de plaques solars fotovoltaiques per a autoconsum, sistemes d\u2019aerot\u00e8rmia, il\u00b7luminaci\u00f3 LED intel\u00b7ligent, gestors d\u2019energia i sistemes de monitoratge energ\u00e8tic. Acompanyem els nostres clients des del disseny [&hellip;]<\/p>","protected":false},"author":2,"featured_media":714,"parent":612,"menu_order":0,"comment_status":"closed","ping_status":"closed","template":"page-producte.php","meta":{"_acf_changed":false,"footnotes":""},"class_list":["post-505","page","type-page","status-publish","has-post-thumbnail","hentry"],"acf":[],"yoast_head":"<!-- This site is optimized with the Yoast SEO plugin v26.9 - https:\/\/yoast.com\/product\/yoast-seo-wordpress\/ -->\n<title>Efici\u00e8ncia Energ\u00e8tica i Energies Renovables - APerez Instal\u00b7lacions<\/title>\n<meta name=\"robots\" content=\"index, follow, max-snippet:-1, max-image-preview:large, max-video-preview:-1\" \/>\n<link rel=\"canonical\" href=\"https:\/\/instalacions.net\/es\/servicios\/eficiencia-energetica-y-energias-renovables\/\" \/>\n<meta property=\"og:locale\" content=\"es_ES\" \/>\n<meta property=\"og:type\" content=\"article\" \/>\n<meta property=\"og:title\" content=\"Efici\u00e8ncia Energ\u00e8tica i Energies Renovables - APerez Instal\u00b7lacions\" \/>\n<meta property=\"og:description\" content=\"Desenvolupem sistemes orientats a la sostenibilitat i la reducci\u00f3 del consum energ\u00e8tic, integrant tecnologies innovadores i fonts renovables en edificis comercials, industrials i residencials. A APerez Instal\u00b7lacions oferim instal\u00b7laci\u00f3 de plaques solars fotovoltaiques per a autoconsum, sistemes d\u2019aerot\u00e8rmia, il\u00b7luminaci\u00f3 LED intel\u00b7ligent, gestors d\u2019energia i sistemes de monitoratge energ\u00e8tic. Acompanyem els nostres clients des del disseny [&hellip;]\" \/>\n<meta property=\"og:url\" content=\"https:\/\/instalacions.net\/es\/servicios\/eficiencia-energetica-y-energias-renovables\/\" \/>\n<meta property=\"og:site_name\" content=\"APerez Instal\u00b7lacions\" \/>\n<meta property=\"article:modified_time\" content=\"2026-01-21T12:50:21+00:00\" \/>\n<meta property=\"og:image\" content=\"https:\/\/instalacions.net\/wp-content\/uploads\/2026\/01\/Gemini_Generated_Image_6xfa0d6xfa0d6xfa-2-1024x559.png\" \/>\n\t<meta property=\"og:image:width\" content=\"1024\" \/>\n\t<meta property=\"og:image:height\" content=\"559\" \/>\n\t<meta property=\"og:image:type\" content=\"image\/png\" \/>\n<meta name=\"twitter:card\" content=\"summary_large_image\" \/>\n<meta name=\"twitter:label1\" content=\"Tiempo de lectura\" \/>\n\t<meta name=\"twitter:data1\" content=\"1 minuto\" \/>\n<script type=\"application\/ld+json\" class=\"yoast-schema-graph\">{\"@context\":\"https:\/\/schema.org\",\"@graph\":[{\"@type\":\"WebPage\",\"@id\":\"https:\/\/instalacions.net\/serveis\/eficiencia-energetica-i-energies-renovables\/\",\"url\":\"https:\/\/instalacions.net\/serveis\/eficiencia-energetica-i-energies-renovables\/\",\"name\":\"Efici\u00e8ncia Energ\u00e8tica i Energies Renovables - APerez Instal\u00b7lacions\",\"isPartOf\":{\"@id\":\"https:\/\/instalacions.net\/#website\"},\"primaryImageOfPage\":{\"@id\":\"https:\/\/instalacions.net\/serveis\/eficiencia-energetica-i-energies-renovables\/#primaryimage\"},\"image\":{\"@id\":\"https:\/\/instalacions.net\/serveis\/eficiencia-energetica-i-energies-renovables\/#primaryimage\"},\"thumbnailUrl\":\"https:\/\/instalacions.net\/wp-content\/uploads\/2026\/01\/Gemini_Generated_Image_6xfa0d6xfa0d6xfa-2-scaled.png\",\"datePublished\":\"2026-01-13T11:15:48+00:00\",\"dateModified\":\"2026-01-21T12:50:21+00:00\",\"breadcrumb\":{\"@id\":\"https:\/\/instalacions.net\/serveis\/eficiencia-energetica-i-energies-renovables\/#breadcrumb\"},\"inLanguage\":\"es\",\"potentialAction\":[{\"@type\":\"ReadAction\",\"target\":[\"https:\/\/instalacions.net\/serveis\/eficiencia-energetica-i-energies-renovables\/\"]}]},{\"@type\":\"ImageObject\",\"inLanguage\":\"es\",\"@id\":\"https:\/\/instalacions.net\/serveis\/eficiencia-energetica-i-energies-renovables\/#primaryimage\",\"url\":\"https:\/\/instalacions.net\/wp-content\/uploads\/2026\/01\/Gemini_Generated_Image_6xfa0d6xfa0d6xfa-2-scaled.png\",\"contentUrl\":\"https:\/\/instalacions.net\/wp-content\/uploads\/2026\/01\/Gemini_Generated_Image_6xfa0d6xfa0d6xfa-2-scaled.png\",\"width\":2560,\"height\":1396},{\"@type\":\"BreadcrumbList\",\"@id\":\"https:\/\/instalacions.net\/serveis\/eficiencia-energetica-i-energies-renovables\/#breadcrumb\",\"itemListElement\":[{\"@type\":\"ListItem\",\"position\":1,\"name\":\"Portada\",\"item\":\"https:\/\/instalacions.net\/\"},{\"@type\":\"ListItem\",\"position\":2,\"name\":\"Serveis\",\"item\":\"https:\/\/instalacions.net\/serveis\/\"},{\"@type\":\"ListItem\",\"position\":3,\"name\":\"Efici\u00e8ncia Energ\u00e8tica i Energies Renovables\"}]},{\"@type\":\"WebSite\",\"@id\":\"https:\/\/instalacions.net\/#website\",\"url\":\"https:\/\/instalacions.net\/\",\"name\":\"APerez Instal\u00b7lacions\",\"description\":\"Solucions t\u00e8cniques integrals en lampisteria per a oficines, naus, franqu\u00edcies, grans superf\u00edcies i habitatges exclusius.\",\"potentialAction\":[{\"@type\":\"SearchAction\",\"target\":{\"@type\":\"EntryPoint\",\"urlTemplate\":\"https:\/\/instalacions.net\/?s={search_term_string}\"},\"query-input\":{\"@type\":\"PropertyValueSpecification\",\"valueRequired\":true,\"valueName\":\"search_term_string\"}}],\"inLanguage\":\"es\"}]}<\/script>\n<!-- \/ Yoast SEO plugin. -->","yoast_head_json":{"title":"Eficiencia energ\u00e9tica y energ\u00edas renovables - APerez Instal\u00b7lacions","robots":{"index":"index","follow":"follow","max-snippet":"max-snippet:-1","max-image-preview":"max-image-preview:large","max-video-preview":"max-video-preview:-1"},"canonical":"https:\/\/instalacions.net\/es\/servicios\/eficiencia-energetica-y-energias-renovables\/","og_locale":"es_ES","og_type":"article","og_title":"Efici\u00e8ncia Energ\u00e8tica i Energies Renovables - APerez Instal\u00b7lacions","og_description":"Desenvolupem sistemes orientats a la sostenibilitat i la reducci\u00f3 del consum energ\u00e8tic, integrant tecnologies innovadores i fonts renovables en edificis comercials, industrials i residencials. A APerez Instal\u00b7lacions oferim instal\u00b7laci\u00f3 de plaques solars fotovoltaiques per a autoconsum, sistemes d\u2019aerot\u00e8rmia, il\u00b7luminaci\u00f3 LED intel\u00b7ligent, gestors d\u2019energia i sistemes de monitoratge energ\u00e8tic. Acompanyem els nostres clients des del disseny [&hellip;]","og_url":"https:\/\/instalacions.net\/es\/servicios\/eficiencia-energetica-y-energias-renovables\/","og_site_name":"APerez Instal\u00b7lacions","article_modified_time":"2026-01-21T12:50:21+00:00","og_image":[{"width":1024,"height":559,"url":"https:\/\/instalacions.net\/wp-content\/uploads\/2026\/01\/Gemini_Generated_Image_6xfa0d6xfa0d6xfa-2-1024x559.png","type":"image\/png"}],"twitter_card":"summary_large_image","twitter_misc":{"Tiempo de lectura":"1 minuto"},"schema":{"@context":"https:\/\/schema.org","@graph":[{"@type":"WebPage","@id":"https:\/\/instalacions.net\/serveis\/eficiencia-energetica-i-energies-renovables\/","url":"https:\/\/instalacions.net\/serveis\/eficiencia-energetica-i-energies-renovables\/","name":"Eficiencia energ\u00e9tica y energ\u00edas renovables - APerez Instal\u00b7lacions","isPartOf":{"@id":"https:\/\/instalacions.net\/#website"},"primaryImageOfPage":{"@id":"https:\/\/instalacions.net\/serveis\/eficiencia-energetica-i-energies-renovables\/#primaryimage"},"image":{"@id":"https:\/\/instalacions.net\/serveis\/eficiencia-energetica-i-energies-renovables\/#primaryimage"},"thumbnailUrl":"https:\/\/instalacions.net\/wp-content\/uploads\/2026\/01\/Gemini_Generated_Image_6xfa0d6xfa0d6xfa-2-scaled.png","datePublished":"2026-01-13T11:15:48+00:00","dateModified":"2026-01-21T12:50:21+00:00","breadcrumb":{"@id":"https:\/\/instalacions.net\/serveis\/eficiencia-energetica-i-energies-renovables\/#breadcrumb"},"inLanguage":"es","potentialAction":[{"@type":"ReadAction","target":["https:\/\/instalacions.net\/serveis\/eficiencia-energetica-i-energies-renovables\/"]}]},{"@type":"ImageObject","inLanguage":"es","@id":"https:\/\/instalacions.net\/serveis\/eficiencia-energetica-i-energies-renovables\/#primaryimage","url":"https:\/\/instalacions.net\/wp-content\/uploads\/2026\/01\/Gemini_Generated_Image_6xfa0d6xfa0d6xfa-2-scaled.png","contentUrl":"https:\/\/instalacions.net\/wp-content\/uploads\/2026\/01\/Gemini_Generated_Image_6xfa0d6xfa0d6xfa-2-scaled.png","width":2560,"height":1396},{"@type":"BreadcrumbList","@id":"https:\/\/instalacions.net\/serveis\/eficiencia-energetica-i-energies-renovables\/#breadcrumb","itemListElement":[{"@type":"ListItem","position":1,"name":"Portada","item":"https:\/\/instalacions.net\/"},{"@type":"ListItem","position":2,"name":"Serveis","item":"https:\/\/instalacions.net\/serveis\/"},{"@type":"ListItem","position":3,"name":"Efici\u00e8ncia Energ\u00e8tica i Energies Renovables"}]},{"@type":"WebSite","@id":"https:\/\/instalacions.net\/#website","url":"https:\/\/instalacions.net\/","name":"APerez Instal\u00b7lacions","description":"Soluciones t\u00e9cnicas integrales en fontaner\u00eda para oficinas, naves, franquicias, grandes superficies y viviendas exclusivas.","potentialAction":[{"@type":"SearchAction","target":{"@type":"EntryPoint","urlTemplate":"https:\/\/instalacions.net\/?s={search_term_string}"},"query-input":{"@type":"PropertyValueSpecification","valueRequired":true,"valueName":"search_term_string"}}],"inLanguage":"es"}]}},"_links":{"self":[{"href":"https:\/\/instalacions.net\/es\/wp-json\/wp\/v2\/pages\/505","targetHints":{"allow":["GET"]}}],"collection":[{"href":"https:\/\/instalacions.net\/es\/wp-json\/wp\/v2\/pages"}],"about":[{"href":"https:\/\/instalacions.net\/es\/wp-json\/wp\/v2\/types\/page"}],"author":[{"embeddable":true,"href":"https:\/\/instalacions.net\/es\/wp-json\/wp\/v2\/users\/2"}],"replies":[{"embeddable":true,"href":"https:\/\/instalacions.net\/es\/wp-json\/wp\/v2\/comments?post=505"}],"version-history":[{"count":7,"href":"https:\/\/instalacions.net\/es\/wp-json\/wp\/v2\/pages\/505\/revisions"}],"predecessor-version":[{"id":715,"href":"https:\/\/instalacions.net\/es\/wp-json\/wp\/v2\/pages\/505\/revisions\/715"}],"up":[{"embeddable":true,"href":"https:\/\/instalacions.net\/es\/wp-json\/wp\/v2\/pages\/612"}],"wp:featuredmedia":[{"embeddable":true,"href":"https:\/\/instalacions.net\/es\/wp-json\/wp\/v2\/media\/714"}],"wp:attachment":[{"href":"https:\/\/instalacions.net\/es\/wp-json\/wp\/v2\/media?parent=505"}],"curies":[{"name":"wp","href":"https:\/\/api.w.org\/{rel}","templated":true}]}}